{"id":2903,"date":"2025-04-28T17:50:58","date_gmt":"2025-04-28T15:50:58","guid":{"rendered":"https:\/\/leconciergedesalpilles.fr\/legal-notices\/"},"modified":"2025-06-11T15:12:28","modified_gmt":"2025-06-11T13:12:28","slug":"legal-notices","status":"publish","type":"page","link":"https:\/\/leconciergedesalpilles.fr\/en\/legal-notices\/","title":{"rendered":"Legal notices"},"content":{"rendered":"<div class=\"fusion-fullwidth fullwidth-box fusion-builder-row-1 fusion-flex-container nonhundred-percent-fullwidth non-hundred-percent-height-scrolling\" style=\"--awb-border-radius-top-left:0px;--awb-border-radius-top-right:0px;--awb-border-radius-bottom-right:0px;--awb-border-radius-bottom-left:0px;--awb-flex-wrap:wrap;\" ><div class=\"fusion-builder-row fusion-row fusion-flex-align-items-flex-start fusion-flex-content-wrap\" style=\"max-width:1216.8px;margin-left: calc(-4% \/ 2 );margin-right: calc(-4% \/ 2 );\"><div class=\"fusion-layout-column fusion_builder_column fusion-builder-column-0 fusion_builder_column_1_1 1_1 fusion-flex-column\" style=\"--awb-bg-size:cover;--awb-width-large:100%;--awb-margin-top-large:0px;--awb-spacing-right-large:1.92%;--awb-margin-bottom-large:0px;--awb-spacing-left-large:1.92%;--awb-width-medium:100%;--awb-spacing-right-medium:1.92%;--awb-spacing-left-medium:1.92%;--awb-width-small:100%;--awb-spacing-right-small:1.92%;--awb-spacing-left-small:1.92%;\"><div class=\"fusion-column-wrapper fusion-flex-justify-content-flex-start fusion-content-layout-column\"><div class=\"fusion-text fusion-text-1\"><p>&#13;<\/p>\n<h2 class=\"wp-block-heading\"><strong>Legal information<\/strong><\/h2>\n<p>&#13;\n&#13;<\/p>\n<p><strong class=\"privacy-policy-tutorial\">Publication Director:<\/strong> Pierre Louis Le Concierge des Alpilles \u2013 SASU Simplified joint-stock company with sole shareholder (SIRET): 89271342100014 Head office: <a href=\"https:\/\/maps.app.goo.gl\/dvNcAq8mYRuYdLxv6\" target=\"_blank\" rel=\"noopener\">CHE DU MAS CREMA 13940 MOLLEGES<\/a> &#8211; Telephone number: <a href=\"\">+33 (0)7 67 35 87 56<\/a> &#8211; Write to us: <a href=\"https:\/\/leconciergedesalpilles.fr\/contact\/\">form<\/a>.<\/p>\n<p>&#13;<\/p>\n<p>\u00a0<\/p>\n<p>&#13;\n&#13;<\/p>\n<h2 class=\"wp-block-heading\"><strong>Photo credits<\/strong><\/h2>\n<p>&#13;<\/p>\n<p>Virginie Ovessian, H\u00e9l\u00e8ne Jonquet, Fabien CastilloAnne-C\u00e9cile Granone, Christelle Autard, Ericka Charrier, Oliver Fly, Pierre Troyanowski, Alex Steele, Louis Pierre, The Framework Events<\/p>\n<p>&#13;<\/p>\n<p>\u00a0<\/p>\n<p>&#13;<\/p>\n<h2 class=\"wp-block-heading\"><strong>Copyright \u2013 Reproduction rights<\/strong><\/h2>\n<p>&#13;\n&#13;<\/p>\n<p>All content on this site (company name, brand, distinctive signs) is subject to French and international legislation on copyright and intellectual property. All reproduction rights are reserved. Reproduction of all or part of the site, regardless of the form and purpose, is strictly prohibited without the express authorization of the publication director. The leconciergedesalpilles website respects copyright. All rights of the authors of protected works reproduced and communicated on this site are reserved. Unless authorized, any use of the works other than individual and private reproduction and consultation is prohibited.     <\/p>\n<p>&#13;<\/p>\n<p>\u00a0<\/p>\n<p>&#13;\n&#13;<\/p>\n<h2 class=\"wp-block-heading\"><strong>Information Technology &amp; Freedoms<\/strong><\/h2>\n<p>&#13;<\/p>\n<p>Vous disposez d\u2019un droit d\u2019acc\u00e8s, de modification, de rectification et de suppression des donn\u00e9es qui vous concernent (art. 34 de la loi 78-17 du 6\/01\/1978 relative \u00e0 l\u2019Informatique, aux fichiers et aux libert\u00e9s). Vous pouvez exercer ce droit en nous \u00e9crivant par mail \u00e0 : contact@leconciergedesalpilles.fr ou \u00e0 l\u2019adresse suivante : leconciergedesalpilles CHE DU MAS CREMA 13940 MOLLEGES<\/p>\n<p>&#13;<\/p>\n<p>\u00a0<\/p>\n<p>&#13;<\/p>\n<h2 class=\"wp-block-heading\"><strong>Applicable law<\/strong><\/h2>\n<p>&#13;<\/p>\n<p>Tout visiteur du sites Internet leconciergedesalpilles est consid\u00e9r\u00e9 comme acceptant l\u2019application des lois fran\u00e7aises.<\/p>\n<p>&#13;<\/p>\n<p>\u00a0<\/p>\n<p>&#13;<\/p>\n<h2 class=\"wp-block-heading\"><strong>Limitation of liability<\/strong><\/h2>\n<p>&#13;\n&#13;<\/p>\n<p>It is the responsibility of the user of the leconciergedesalpilles website to take all appropriate measures to protect their own data and\/or software from contamination by any viruses circulating on the Internet. Generally speaking, leconciergedesalpilles declines all liability for any damage that may occur while using its website. Since the messages you send us are transmitted over an open telecommunications network, we cannot guarantee their confidentiality.  <\/p>\n<p>&#13;\n&#13;<\/p>\n<h2 class=\"wp-block-heading\"><strong><br\/>Hyperlinks<\/strong><\/h2>\n<p>&#13;<\/p>\n<p>La mise en place d\u2019un lien hypertexte vers le site Internet leconciergedesalpilles n\u00e9cessite une autorisation pr\u00e9alable et \u00e9crite.<br\/>En tout \u00e9tat de cause, leconciergedesalpilles n\u2019est en aucun cas tenu responsable du contenu ainsi que des produits ou services propos\u00e9s sur les sites auxquels ses sites Internet se trouveraient li\u00e9s par des liens hypertextes ou tout autre type de lien.<\/p>\n<p>&#13;<\/p>\n<h2 class=\"wp-block-heading\"><strong><br\/>Intellectual Property Rights<\/strong><\/h2>\n<p>&#13;\n&#13;<\/p>\n<p>All elements of this site are protected by copyright \u00a9 \u2013 all rights reserved.<\/p>\n<p>&#13;\n&#13;<\/p>\n<h2 class=\"wp-block-heading\"><strong><br\/>Website design and hosting<\/strong><\/h2>\n<p>&#13;\n&#13;<\/p>\n<p><strong class=\"privacy-policy-tutorial\">Intrasite: <\/strong>17 Bd Champfleury &#8211; 84000 Avignon &#8211; Tel: <a href=\"\">0974531520<\/a><br\/><strong>Website:<\/strong> <a href=\"https:\/\/intrasite.fr\" target=\"_blank\" rel=\"noopener\">intrasite.fr<\/a><\/p>\n<p>&#13;<\/p>\n<\/div><\/div><\/div><\/div><\/div>\n","protected":false},"excerpt":{"rendered":"","protected":false},"author":1,"featured_media":0,"parent":0,"menu_order":0,"comment_status":"closed","ping_status":"open","template":"","meta":{"footnotes":""},"class_list":["post-2903","page","type-page","status-publish","hentry"],"yoast_head":"<!-- This site is optimized with the Yoast SEO plugin v27.4 - https:\/\/yoast.com\/product\/yoast-seo-wordpress\/ -->\n<title>Legal notices - Le Concierge des Alpilles<\/title>\n<meta name=\"robots\" content=\"index, follow, max-snippet:-1, max-image-preview:large, max-video-preview:-1\" \/>\n<link rel=\"canonical\" href=\"https:\/\/leconciergedesalpilles.fr\/en\/legal-notices\/\" \/>\n<meta property=\"og:locale\" content=\"en_US\" \/>\n<meta property=\"og:type\" content=\"article\" \/>\n<meta property=\"og:title\" content=\"Legal notices - Le Concierge des Alpilles\" \/>\n<meta property=\"og:url\" content=\"https:\/\/leconciergedesalpilles.fr\/en\/legal-notices\/\" \/>\n<meta property=\"og:site_name\" content=\"Le Concierge des Alpilles\" \/>\n<meta property=\"article:modified_time\" content=\"2025-06-11T13:12:28+00:00\" \/>\n<meta name=\"twitter:card\" content=\"summary_large_image\" \/>\n<meta name=\"twitter:label1\" content=\"Est. reading time\" \/>\n\t<meta name=\"twitter:data1\" content=\"3 minutes\" \/>\n<script type=\"application\/ld+json\" class=\"yoast-schema-graph\">{\"@context\":\"https:\\\/\\\/schema.org\",\"@graph\":[{\"@type\":\"WebPage\",\"@id\":\"https:\\\/\\\/leconciergedesalpilles.fr\\\/en\\\/legal-notices\\\/\",\"url\":\"https:\\\/\\\/leconciergedesalpilles.fr\\\/en\\\/legal-notices\\\/\",\"name\":\"Legal notices - Le Concierge des Alpilles\",\"isPartOf\":{\"@id\":\"https:\\\/\\\/leconciergedesalpilles.fr\\\/en\\\/#website\"},\"datePublished\":\"2025-04-28T15:50:58+00:00\",\"dateModified\":\"2025-06-11T13:12:28+00:00\",\"breadcrumb\":{\"@id\":\"https:\\\/\\\/leconciergedesalpilles.fr\\\/en\\\/legal-notices\\\/#breadcrumb\"},\"inLanguage\":\"en-US\",\"potentialAction\":[{\"@type\":\"ReadAction\",\"target\":[\"https:\\\/\\\/leconciergedesalpilles.fr\\\/en\\\/legal-notices\\\/\"]}]},{\"@type\":\"BreadcrumbList\",\"@id\":\"https:\\\/\\\/leconciergedesalpilles.fr\\\/en\\\/legal-notices\\\/#breadcrumb\",\"itemListElement\":[{\"@type\":\"ListItem\",\"position\":1,\"name\":\"Accueil\",\"item\":\"https:\\\/\\\/leconciergedesalpilles.fr\\\/en\\\/\"},{\"@type\":\"ListItem\",\"position\":2,\"name\":\"Legal notices\"}]},{\"@type\":\"WebSite\",\"@id\":\"https:\\\/\\\/leconciergedesalpilles.fr\\\/en\\\/#website\",\"url\":\"https:\\\/\\\/leconciergedesalpilles.fr\\\/en\\\/\",\"name\":\"Le Concierge des Alpilles\",\"description\":\"Gouvernance de propri\u00e9t\u00e9s priv\u00e9es, conseil et expertise en location saisonni\u00e8re, coordination d\u2019\u00e9v\u00e9nements, assistance personnelle, organisation de s\u00e9jours sur mesure...\",\"potentialAction\":[{\"@type\":\"SearchAction\",\"target\":{\"@type\":\"EntryPoint\",\"urlTemplate\":\"https:\\\/\\\/leconciergedesalpilles.fr\\\/en\\\/?s={search_term_string}\"},\"query-input\":{\"@type\":\"PropertyValueSpecification\",\"valueRequired\":true,\"valueName\":\"search_term_string\"}}],\"inLanguage\":\"en-US\"}]}<\/script>\n<!-- \/ Yoast SEO plugin. -->","yoast_head_json":{"title":"Legal notices - Le Concierge des Alpilles","robots":{"index":"index","follow":"follow","max-snippet":"max-snippet:-1","max-image-preview":"max-image-preview:large","max-video-preview":"max-video-preview:-1"},"canonical":"https:\/\/leconciergedesalpilles.fr\/en\/legal-notices\/","og_locale":"en_US","og_type":"article","og_title":"Legal notices - Le Concierge des Alpilles","og_url":"https:\/\/leconciergedesalpilles.fr\/en\/legal-notices\/","og_site_name":"Le Concierge des Alpilles","article_modified_time":"2025-06-11T13:12:28+00:00","twitter_card":"summary_large_image","twitter_misc":{"Est. reading time":"3 minutes"},"schema":{"@context":"https:\/\/schema.org","@graph":[{"@type":"WebPage","@id":"https:\/\/leconciergedesalpilles.fr\/en\/legal-notices\/","url":"https:\/\/leconciergedesalpilles.fr\/en\/legal-notices\/","name":"Legal notices - Le Concierge des Alpilles","isPartOf":{"@id":"https:\/\/leconciergedesalpilles.fr\/en\/#website"},"datePublished":"2025-04-28T15:50:58+00:00","dateModified":"2025-06-11T13:12:28+00:00","breadcrumb":{"@id":"https:\/\/leconciergedesalpilles.fr\/en\/legal-notices\/#breadcrumb"},"inLanguage":"en-US","potentialAction":[{"@type":"ReadAction","target":["https:\/\/leconciergedesalpilles.fr\/en\/legal-notices\/"]}]},{"@type":"BreadcrumbList","@id":"https:\/\/leconciergedesalpilles.fr\/en\/legal-notices\/#breadcrumb","itemListElement":[{"@type":"ListItem","position":1,"name":"Accueil","item":"https:\/\/leconciergedesalpilles.fr\/en\/"},{"@type":"ListItem","position":2,"name":"Legal notices"}]},{"@type":"WebSite","@id":"https:\/\/leconciergedesalpilles.fr\/en\/#website","url":"https:\/\/leconciergedesalpilles.fr\/en\/","name":"Le Concierge des Alpilles","description":"Gouvernance de propri\u00e9t\u00e9s priv\u00e9es, conseil et expertise en location saisonni\u00e8re, coordination d\u2019\u00e9v\u00e9nements, assistance personnelle, organisation de s\u00e9jours sur mesure...","potentialAction":[{"@type":"SearchAction","target":{"@type":"EntryPoint","urlTemplate":"https:\/\/leconciergedesalpilles.fr\/en\/?s={search_term_string}"},"query-input":{"@type":"PropertyValueSpecification","valueRequired":true,"valueName":"search_term_string"}}],"inLanguage":"en-US"}]}},"_links":{"self":[{"href":"https:\/\/leconciergedesalpilles.fr\/en\/wp-json\/wp\/v2\/pages\/2903","targetHints":{"allow":["GET"]}}],"collection":[{"href":"https:\/\/leconciergedesalpilles.fr\/en\/wp-json\/wp\/v2\/pages"}],"about":[{"href":"https:\/\/leconciergedesalpilles.fr\/en\/wp-json\/wp\/v2\/types\/page"}],"author":[{"embeddable":true,"href":"https:\/\/leconciergedesalpilles.fr\/en\/wp-json\/wp\/v2\/users\/1"}],"replies":[{"embeddable":true,"href":"https:\/\/leconciergedesalpilles.fr\/en\/wp-json\/wp\/v2\/comments?post=2903"}],"version-history":[{"count":1,"href":"https:\/\/leconciergedesalpilles.fr\/en\/wp-json\/wp\/v2\/pages\/2903\/revisions"}],"predecessor-version":[{"id":2904,"href":"https:\/\/leconciergedesalpilles.fr\/en\/wp-json\/wp\/v2\/pages\/2903\/revisions\/2904"}],"wp:attachment":[{"href":"https:\/\/leconciergedesalpilles.fr\/en\/wp-json\/wp\/v2\/media?parent=2903"}],"curies":[{"name":"wp","href":"https:\/\/api.w.org\/{rel}","templated":true}]}}